{"id":26389,"date":"2022-09-27T06:19:19","date_gmt":"2022-09-27T06:19:19","guid":{"rendered":"https:\/\/publicprivatechallenge.nl\/?page_id=26389"},"modified":"2022-09-27T06:33:55","modified_gmt":"2022-09-27T06:33:55","slug":"michal-stambulski","status":"publish","type":"page","link":"https:\/\/publicprivatechallenge.nl\/nl\/team\/michal-stambulski\/","title":{"rendered":"Michal Stambulski"},"content":{"rendered":"<div data-elementor-type=\"wp-post\" data-elementor-id=\"26389\" class=\"elementor elementor-26389\">\n\t\t\t\t\t\t<section class=\"elementor-section elementor-top-section elementor-element elementor-element-53d02b5a elementor-section-boxed elementor-section-height-default elementor-section-height-default\" data-id=\"53d02b5a\" data-element_type=\"section\" data-e-type=\"section\" data-settings=\"{&quot;background_background&quot;:&quot;classic&quot;}\">\n\t\t\t\t\t\t\t<div class=\"elementor-background-overlay\"><\/div>\n\t\t\t\t\t\t\t<div class=\"elementor-container elementor-column-gap-default\">\n\t\t\t\t\t<div class=\"elementor-column elementor-col-100 elementor-top-column elementor-element elementor-element-155c094d\" data-id=\"155c094d\" data-element_type=\"column\" data-e-type=\"column\">\n\t\t\t<div class=\"elementor-widget-wrap elementor-element-populated\">\n\t\t\t\t\t\t\t<\/div>\n\t\t<\/div>\n\t\t\t\t\t<\/div>\n\t\t<\/section>\n\t\t\t\t<section class=\"elementor-section elementor-top-section elementor-element elementor-element-8090c89 elementor-section-boxed elementor-section-height-default elementor-section-height-default\" data-id=\"8090c89\" data-element_type=\"section\" data-e-type=\"section\" data-settings=\"{&quot;background_background&quot;:&quot;classic&quot;}\">\n\t\t\t\t\t\t<div class=\"elementor-container elementor-column-gap-default\">\n\t\t\t\t\t<div class=\"elementor-column elementor-col-100 elementor-top-column elementor-element elementor-element-3dc64cd\" data-id=\"3dc64cd\" data-element_type=\"column\" data-e-type=\"column\" data-settings=\"{&quot;background_background&quot;:&quot;classic&quot;}\">\n\t\t\t<div class=\"elementor-widget-wrap elementor-element-populated\">\n\t\t\t\t\t\t<section class=\"elementor-section elementor-inner-section elementor-element elementor-element-aa35112 elementor-section-boxed elementor-section-height-default elementor-section-height-default\" data-id=\"aa35112\" data-element_type=\"section\" data-e-type=\"section\">\n\t\t\t\t\t\t<div class=\"elementor-container elementor-column-gap-default\">\n\t\t\t\t\t<div class=\"elementor-column elementor-col-100 elementor-inner-column elementor-element elementor-element-abb82b5\" data-id=\"abb82b5\" data-element_type=\"column\" data-e-type=\"column\">\n\t\t\t<div class=\"elementor-widget-wrap elementor-element-populated\">\n\t\t\t\t\t\t<div class=\"elementor-element elementor-element-96aecb9 elementor-widget elementor-widget-heading\" data-id=\"96aecb9\" data-element_type=\"widget\" data-e-type=\"widget\" data-widget_type=\"heading.default\">\n\t\t\t\t<div class=\"elementor-widget-container\">\n\t\t\t\t\t<h2 class=\"elementor-heading-title elementor-size-default\">Dr. Michal Stambulski\u00a0<\/h2>\t\t\t\t<\/div>\n\t\t\t\t<\/div>\n\t\t\t\t\t<\/div>\n\t\t<\/div>\n\t\t\t\t\t<\/div>\n\t\t<\/section>\n\t\t\t\t<section class=\"elementor-section elementor-inner-section elementor-element elementor-element-133472b elementor-section-boxed elementor-section-height-default elementor-section-height-default\" data-id=\"133472b\" data-element_type=\"section\" data-e-type=\"section\">\n\t\t\t\t\t\t<div class=\"elementor-container elementor-column-gap-wide\">\n\t\t\t\t\t<div class=\"elementor-column elementor-col-66 elementor-inner-column elementor-element elementor-element-6bb9962\" data-id=\"6bb9962\" data-element_type=\"column\" data-e-type=\"column\">\n\t\t\t<div class=\"elementor-widget-wrap elementor-element-populated\">\n\t\t\t\t\t\t<div class=\"elementor-element elementor-element-4939178 elementor-widget elementor-widget-text-editor\" data-id=\"4939178\" data-element_type=\"widget\" data-e-type=\"widget\" data-widget_type=\"text-editor.default\">\n\t\t\t\t<div class=\"elementor-widget-container\">\n\t\t\t\t\t\t\t\t\t<p>Micha\u0142 Stambulski is an Assistant Professor in the field of Legal Theory at the Law and Markets department at the Erasmus University Rotterdam and executive director at the Centre for Legal Education and Social Theory at the University of Wroc\u0142aw, Poland.\u00a0He did his master\u2019s degree both in law and philosophy and holds a doctorate in legal theory from the University of Wroc\u0142aw. He was a visiting scholar at the Faculty of Law of the University of New South Wales, Australia and O\u00f1ati International Institute of Sociology of Law, Spain. He also received the 2023 Emile No\u00ebl Global Fellowship at the Jean Monnet Centre at New York University.\u00a0<\/p><p>Micha\u0142 is conducting research under the \u2018Mobilizing public interests\u2019 theme in the project titled \u2018New Populism and Public Values. A Socio-Theoretical Approach.\u2019\u00a0His recent publications deal with the problems of constitutional populism, legal mobilization, and strategic litigation in Central and Eastern Europe. \u00a0<\/p><p>\u00a0<\/p>\t\t\t\t\t\t\t\t<\/div>\n\t\t\t\t<\/div>\n\t\t\t\t\t<\/div>\n\t\t<\/div>\n\t\t\t\t<div class=\"elementor-column elementor-col-33 elementor-inner-column elementor-element elementor-element-800dc52\" data-id=\"800dc52\" data-element_type=\"column\" data-e-type=\"column\">\n\t\t\t<div class=\"elementor-widget-wrap elementor-element-populated\">\n\t\t\t\t\t\t<div class=\"elementor-element elementor-element-e06263e animated-slow elementor-invisible elementor-widget elementor-widget-image\" data-id=\"e06263e\" data-element_type=\"widget\" data-e-type=\"widget\" data-settings=\"{&quot;_animation&quot;:&quot;fadeIn&quot;}\" data-widget_type=\"image.default\">\n\t\t\t\t<div class=\"elementor-widget-container\">\n\t\t\t\t\t\t\t\t\t\t\t\t\t\t\t<img decoding=\"async\" src=\"https:\/\/publicprivatechallenge.nl\/wp-content\/uploads\/elementor\/thumbs\/Michal-Stambulski-scaled-pup3la9xznr33nsbe27vmmi6ggxsaz3jhz59lst3m0.jpg\" title=\"Michal Stambulski foto\" alt=\"Michal Stambulski foto\" loading=\"lazy\" \/>\t\t\t\t\t\t\t\t\t\t\t\t\t\t\t<\/div>\n\t\t\t\t<\/div>\n\t\t\t\t<div class=\"elementor-element elementor-element-6820a85 elementor-widget elementor-widget-spacer\" data-id=\"6820a85\" data-element_type=\"widget\" data-e-type=\"widget\" data-widget_type=\"spacer.default\">\n\t\t\t\t<div class=\"elementor-widget-container\">\n\t\t\t\t\t\t\t<div class=\"elementor-spacer\">\n\t\t\t<div class=\"elementor-spacer-inner\"><\/div>\n\t\t<\/div>\n\t\t\t\t\t\t<\/div>\n\t\t\t\t<\/div>\n\t\t\t\t<div class=\"elementor-element elementor-element-d1034f2 elementor-icon-list--layout-traditional elementor-list-item-link-full_width elementor-widget elementor-widget-icon-list\" data-id=\"d1034f2\" data-element_type=\"widget\" data-e-type=\"widget\" data-widget_type=\"icon-list.default\">\n\t\t\t\t<div class=\"elementor-widget-container\">\n\t\t\t\t\t\t\t<ul class=\"elementor-icon-list-items\">\n\t\t\t\t\t\t\t<li class=\"elementor-icon-list-item\">\n\t\t\t\t\t\t\t\t\t\t\t<a href=\"mailto:stambulski@law.eur.nl\">\n\n\t\t\t\t\t\t\t\t\t\t\t\t<span class=\"elementor-icon-list-icon\">\n\t\t\t\t\t\t\t<i aria-hidden=\"true\" class=\"fas fa-envelope\"><\/i>\t\t\t\t\t\t<\/span>\n\t\t\t\t\t\t\t\t\t\t<span class=\"elementor-icon-list-text\">stambulski@law.eur.nl<\/span>\n\t\t\t\t\t\t\t\t\t\t\t<\/a>\n\t\t\t\t\t\t\t\t\t<\/li>\n\t\t\t\t\t\t\t\t<li class=\"elementor-icon-list-item\">\n\t\t\t\t\t\t\t\t\t\t\t<a href=\"https:\/\/www.eur.nl\/en\/people\/michal-stambulski\">\n\n\t\t\t\t\t\t\t\t\t\t\t\t<span class=\"elementor-icon-list-icon\">\n\t\t\t\t\t\t\t<i aria-hidden=\"true\" class=\"fas fa-link\"><\/i>\t\t\t\t\t\t<\/span>\n\t\t\t\t\t\t\t\t\t\t<span class=\"elementor-icon-list-text\">Erasmus University profile<\/span>\n\t\t\t\t\t\t\t\t\t\t\t<\/a>\n\t\t\t\t\t\t\t\t\t<\/li>\n\t\t\t\t\t\t\t\t<li class=\"elementor-icon-list-item\">\n\t\t\t\t\t\t\t\t\t\t\t<a href=\"https:\/\/pure.eur.nl\/en\/persons\/michal-stambulski\/?relations=publications\">\n\n\t\t\t\t\t\t\t\t\t\t\t\t<span class=\"elementor-icon-list-icon\">\n\t\t\t\t\t\t\t<i aria-hidden=\"true\" class=\"fas fa-book\"><\/i>\t\t\t\t\t\t<\/span>\n\t\t\t\t\t\t\t\t\t\t<span class=\"elementor-icon-list-text\">Publications<\/span>\n\t\t\t\t\t\t\t\t\t\t\t<\/a>\n\t\t\t\t\t\t\t\t\t<\/li>\n\t\t\t\t\t\t<\/ul>\n\t\t\t\t\t\t<\/div>\n\t\t\t\t<\/div>\n\t\t\t\t\t<\/div>\n\t\t<\/div>\n\t\t\t\t\t<\/div>\n\t\t<\/section>\n\t\t\t\t\t<\/div>\n\t\t<\/div>\n\t\t\t\t\t<\/div>\n\t\t<\/section>\n\t\t\t\t<section class=\"elementor-section elementor-top-section elementor-element elementor-element-07a1f20 elementor-section-boxed elementor-section-height-default elementor-section-height-default\" data-id=\"07a1f20\" data-element_type=\"section\" data-e-type=\"section\" data-settings=\"{&quot;background_background&quot;:&quot;classic&quot;}\">\n\t\t\t\t\t\t<div class=\"elementor-container elementor-column-gap-default\">\n\t\t\t\t\t<div class=\"elementor-column elementor-col-100 elementor-top-column elementor-element elementor-element-e73229e\" data-id=\"e73229e\" data-element_type=\"column\" data-e-type=\"column\">\n\t\t\t<div class=\"elementor-widget-wrap elementor-element-populated\">\n\t\t\t\t\t\t<div class=\"elementor-element elementor-element-77e75c5 elementor-widget elementor-widget-spacer\" data-id=\"77e75c5\" data-element_type=\"widget\" data-e-type=\"widget\" data-widget_type=\"spacer.default\">\n\t\t\t\t<div class=\"elementor-widget-container\">\n\t\t\t\t\t\t\t<div class=\"elementor-spacer\">\n\t\t\t<div class=\"elementor-spacer-inner\"><\/div>\n\t\t<\/div>\n\t\t\t\t\t\t<\/div>\n\t\t\t\t<\/div>\n\t\t\t\t\t<\/div>\n\t\t<\/div>\n\t\t\t\t\t<\/div>\n\t\t<\/section>\n\t\t\t\t<section class=\"elementor-section elementor-top-section elementor-element elementor-element-7f3470e elementor-section-boxed elementor-section-height-default elementor-section-height-default\" data-id=\"7f3470e\" data-element_type=\"section\" data-e-type=\"section\">\n\t\t\t\t\t\t<div class=\"elementor-container elementor-column-gap-default\">\n\t\t\t\t\t<div class=\"elementor-column elementor-col-50 elementor-top-column elementor-element elementor-element-fd0a034\" data-id=\"fd0a034\" data-element_type=\"column\" data-e-type=\"column\">\n\t\t\t<div class=\"elementor-widget-wrap\">\n\t\t\t\t\t\t\t<\/div>\n\t\t<\/div>\n\t\t\t\t<div class=\"elementor-column elementor-col-25 elementor-top-column elementor-element elementor-element-62a023d\" data-id=\"62a023d\" data-element_type=\"column\" data-e-type=\"column\">\n\t\t\t<div class=\"elementor-widget-wrap elementor-element-populated\">\n\t\t\t\t\t\t<div class=\"elementor-element elementor-element-90094df elementor-widget elementor-widget-image\" data-id=\"90094df\" data-element_type=\"widget\" data-e-type=\"widget\" data-widget_type=\"image.default\">\n\t\t\t\t<div class=\"elementor-widget-container\">\n\t\t\t\t\t\t\t\t\t\t\t\t\t\t\t<img fetchpriority=\"high\" decoding=\"async\" width=\"768\" height=\"517\" src=\"https:\/\/publicprivatechallenge.nl\/wp-content\/uploads\/2022\/09\/rugr_logonlv_rood_rgb-1-1-768x517.png\" class=\"attachment-medium_large size-medium_large wp-image-26073\" alt=\"\" \/>\t\t\t\t\t\t\t\t\t\t\t\t\t\t\t<\/div>\n\t\t\t\t<\/div>\n\t\t\t\t\t<\/div>\n\t\t<\/div>\n\t\t\t\t<div class=\"elementor-column elementor-col-25 elementor-top-column elementor-element elementor-element-b5e8085\" data-id=\"b5e8085\" data-element_type=\"column\" data-e-type=\"column\">\n\t\t\t<div class=\"elementor-widget-wrap elementor-element-populated\">\n\t\t\t\t\t\t<div class=\"elementor-element elementor-element-2ca1bfb elementor-widget elementor-widget-image\" data-id=\"2ca1bfb\" data-element_type=\"widget\" data-e-type=\"widget\" data-widget_type=\"image.default\">\n\t\t\t\t<div class=\"elementor-widget-container\">\n\t\t\t\t\t\t\t\t\t\t\t\t\t\t\t<img decoding=\"async\" width=\"300\" height=\"300\" src=\"https:\/\/publicprivatechallenge.nl\/wp-content\/uploads\/2022\/09\/EUR_ESL_EN-stack_01_RGB_2400_colour-e1661885551222-1-1-300x300.png\" class=\"attachment-medium size-medium wp-image-26074\" alt=\"\" \/>\t\t\t\t\t\t\t\t\t\t\t\t\t\t\t<\/div>\n\t\t\t\t<\/div>\n\t\t\t\t\t<\/div>\n\t\t<\/div>\n\t\t\t\t\t<\/div>\n\t\t<\/section>\n\t\t\t\t<\/div>","protected":false},"excerpt":{"rendered":"<p>Dr. Michal Stambulski\u00a0 Micha\u0142 Stambulski is an Assistant Professor in the field of Legal Theory at the Law and Markets department at the Erasmus University Rotterdam and executive director at the Centre for Legal Education and Social Theory at the University of Wroc\u0142aw, Poland.\u00a0He did his master\u2019s degree both in law and philosophy and holds &hellip;<\/p>\n<p class=\"read-more\"> <a class=\"\" href=\"https:\/\/publicprivatechallenge.nl\/nl\/team\/michal-stambulski\/\"> <span class=\"screen-reader-text\">Michal Stambulski<\/span> Lees meer &raquo;<\/a><\/p>","protected":false},"author":1,"featured_media":0,"parent":25698,"menu_order":0,"comment_status":"closed","ping_status":"closed","template":"","meta":{"site-sidebar-layout":"no-sidebar","site-content-layout":"page-builder","ast-global-header-display":"","ast-main-header-display":"","ast-hfb-above-header-display":"","ast-hfb-below-header-display":"","ast-hfb-mobile-header-display":"","site-post-title":"disabled","ast-breadcrumbs-content":"","ast-featured-img":"disabled","footer-sml-layout":"","theme-transparent-header-meta":"enabled","adv-header-id-meta":"","stick-header-meta":"","header-above-stick-meta":"","header-main-stick-meta":"","header-below-stick-meta":"","footnotes":""},"class_list":["post-26389","page","type-page","status-publish","hentry"],"rttpg_featured_image_url":null,"rttpg_author":{"display_name":"admin","author_link":"https:\/\/publicprivatechallenge.nl\/nl\/author\/sectorplan\/"},"rttpg_comment":0,"rttpg_category":null,"rttpg_excerpt":"Dr. Michal Stambulski\u00a0 Micha\u0142 Stambulski is an Assistant Professor in the field of Legal Theory at the Law and Markets department at the Erasmus University Rotterdam and executive director at the Centre for Legal Education and Social Theory at the University of Wroc\u0142aw, Poland.\u00a0He did his master\u2019s degree both in law and philosophy and holds&hellip;","_links":{"self":[{"href":"https:\/\/publicprivatechallenge.nl\/nl\/wp-json\/wp\/v2\/pages\/26389","targetHints":{"allow":["GET"]}}],"collection":[{"href":"https:\/\/publicprivatechallenge.nl\/nl\/wp-json\/wp\/v2\/pages"}],"about":[{"href":"https:\/\/publicprivatechallenge.nl\/nl\/wp-json\/wp\/v2\/types\/page"}],"author":[{"embeddable":true,"href":"https:\/\/publicprivatechallenge.nl\/nl\/wp-json\/wp\/v2\/users\/1"}],"replies":[{"embeddable":true,"href":"https:\/\/publicprivatechallenge.nl\/nl\/wp-json\/wp\/v2\/comments?post=26389"}],"version-history":[{"count":7,"href":"https:\/\/publicprivatechallenge.nl\/nl\/wp-json\/wp\/v2\/pages\/26389\/revisions"}],"predecessor-version":[{"id":26401,"href":"https:\/\/publicprivatechallenge.nl\/nl\/wp-json\/wp\/v2\/pages\/26389\/revisions\/26401"}],"up":[{"embeddable":true,"href":"https:\/\/publicprivatechallenge.nl\/nl\/wp-json\/wp\/v2\/pages\/25698"}],"wp:attachment":[{"href":"https:\/\/publicprivatechallenge.nl\/nl\/wp-json\/wp\/v2\/media?parent=26389"}],"curies":[{"name":"wp","href":"https:\/\/api.w.org\/{rel}","templated":true}]}}